{"id":7290,"date":"2025-08-05T14:40:29","date_gmt":"2025-08-05T19:40:29","guid":{"rendered":"https:\/\/vu.ca\/product\/7056\/"},"modified":"2025-12-22T16:16:18","modified_gmt":"2025-12-22T21:16:18","slug":"7056","status":"publish","type":"product","link":"https:\/\/vu.ca\/en\/product\/7056\/","title":{"rendered":"7056"},"content":{"rendered":"<p>Cette monture associe une couleur gris-bleu subtilement \u00e9l\u00e9gante avec une touche dynamique de rouge sur les branches, cr\u00e9ant un contraste moderne et vibrant. Con\u00e7ue pour offrir \u00e0 la fois style et confort, elle est incroyablement l\u00e9g\u00e8re, assurant un port agr\u00e9able tout au long de la journ\u00e9e.<\/p>\n","protected":false},"excerpt":{"rendered":"<p>Cette monture associe une couleur gris-bleu subtilement \u00e9l\u00e9gante avec une touche dynamique de rouge sur les branches, cr\u00e9ant un contraste moderne et vibrant. Con\u00e7ue pour offrir \u00e0 la fois style et confort, elle est incroyablement l\u00e9g\u00e8re, assurant un port agr\u00e9able tout au long de la journ\u00e9e.<\/p>\n","protected":false},"featured_media":6964,"template":"","meta":{"_acf_changed":false,"wds_primary_product_brand":0,"wds_primary_product_cat":0,"wds_primary_yith_product_brand":0},"product_brand":[812],"product_cat":[606],"product_tag":[],"class_list":{"0":"post-7290","1":"product","2":"type-product","3":"status-publish","4":"has-post-thumbnail","6":"product_brand-nike-2","7":"product_cat-team-favorite","8":"yith_product_brand-nike-en","10":"first","11":"instock","12":"purchasable","13":"product-type-simple"},"acf":[],"_links":{"self":[{"href":"https:\/\/vu.ca\/en\/wp-json\/wp\/v2\/product\/7290","targetHints":{"allow":["GET"]}}],"collection":[{"href":"https:\/\/vu.ca\/en\/wp-json\/wp\/v2\/product"}],"about":[{"href":"https:\/\/vu.ca\/en\/wp-json\/wp\/v2\/types\/product"}],"wp:featuredmedia":[{"embeddable":true,"href":"https:\/\/vu.ca\/en\/wp-json\/wp\/v2\/media\/6964"}],"wp:attachment":[{"href":"https:\/\/vu.ca\/en\/wp-json\/wp\/v2\/media?parent=7290"}],"wp:term":[{"taxonomy":"product_brand","embeddable":true,"href":"https:\/\/vu.ca\/en\/wp-json\/wp\/v2\/product_brand?post=7290"},{"taxonomy":"product_cat","embeddable":true,"href":"https:\/\/vu.ca\/en\/wp-json\/wp\/v2\/product_cat?post=7290"},{"taxonomy":"product_tag","embeddable":true,"href":"https:\/\/vu.ca\/en\/wp-json\/wp\/v2\/product_tag?post=7290"}],"curies":[{"name":"wp","href":"https:\/\/api.w.org\/{rel}","templated":true}]}}