{"id":1269,"date":"2024-08-01T18:55:14","date_gmt":"2024-08-01T23:55:14","guid":{"rendered":"https:\/\/vu.ca\/?page_id=1269"},"modified":"2025-12-22T13:50:04","modified_gmt":"2025-12-22T18:50:04","slug":"our-services","status":"publish","type":"page","link":"https:\/\/vu.ca\/en\/our-services\/","title":{"rendered":"Services"},"content":{"rendered":"\n    <section class=\"cta-large section || background-black || !py-0 !bg-dark text-light\">\n        \n<span class=\"absolute top-0 left-0\" ><\/span>        <div class=\"grid || lg:grid-cols-2\">\n            <div class=\"grid py-20 px-5 w-full || lg:order-2 lg:p-12 lg:items-center lg:max-w-[calc(37.5rem+(theme(spacing.12)*2))] lg:mx-auto\">\n                <div class=\"flex flex-col gap-y-6\">\n                    <div class=\"flex flex-col gap-y-10\">\n                                                                            <h2 class=\"text-h2\">Come and see us!<\/h2>\n                                            <\/div>\n                    <div class=\"wysiwyg-container \">\n    <p>You can trust us with all your optometry and eyewear needs. Explore our vast selection of frames and get guidance from our expert stylists. Our passionate team of opticians will help you select the perfect lenses for your needs.<\/p>\n<p><a class=\"btn-primary\" href=\"https:\/\/vu.ca\/en\/about-us\/\" target=\"\" rel=\"noopener\"> <span class=\"cta-text\"><span>Learn more about us<\/span><\/span> <span class=\"cta-arrows\"> <span class=\"arrow || block px-1 transition-all duration-200\"><\/span> <span class=\"arrow || block px-1 opacity-0 absolute top-1\/2 -translate-y-1\/2 -translate-x-full transition-all duration-200\"><\/span> <\/span> <\/a><\/p>\n<p><a class=\"btn-link\" href=\"https:\/\/vu.ca\/en\/shop\/\" target=\"\" rel=\"noopener\"> <span class=\"line-container\"> <span class=\"cta-text\"><span>The next step : Frame selection<\/span><\/span> <span class=\"cta-arrows\"> <span class=\"arrow || block px-1 transition-all duration-200\"><\/span> <span class=\"arrow || block px-1 opacity-0 absolute top-1\/2 -translate-y-1\/2 -translate-x-full transition-all duration-200\"><\/span> <\/span> <\/span> <\/a><\/p>\n<\/div>                <\/div>\n            <\/div>\n            <img decoding=\"async\" src=\"https:\/\/vu.ca\/wp-content\/uploads\/2024\/10\/2024_10_03_VU_STORE0007-2-scaled-e1729264145381.jpg\" class=\"aspect-[375\/350] object-cover || lg:h-full lg:aspect-[960\/700] lg:order-1\" srcset=\"\" alt=\"Blue eyeglasses rest on a white surface next to a black-and-white vision test chart, with a red lens tool placed in front\u2014discover Vu, la lunetterie \u00e0 Montr\u00e9al avec le plus grand inventaire de montures \u00e0 Montr\u00e9al.\" alt=\"Blue eyeglasses rest on a white surface next to a black-and-white vision test chart, with a red lens tool placed in front\u2014discover Vu, la lunetterie \u00e0 Montr\u00e9al avec le plus grand inventaire de montures \u00e0 Montr\u00e9al.\" loading=\"lazy\">        <\/div>\n    <\/section>\n\n","protected":false},"excerpt":{"rendered":"","protected":false},"author":1,"featured_media":5968,"parent":0,"menu_order":0,"comment_status":"closed","ping_status":"closed","template":"page-service.php","meta":{"_acf_changed":false,"footnotes":""},"class_list":["post-1269","page","type-page","status-publish","has-post-thumbnail","hentry"],"acf":[],"_links":{"self":[{"href":"https:\/\/vu.ca\/en\/wp-json\/wp\/v2\/pages\/1269","targetHints":{"allow":["GET"]}}],"collection":[{"href":"https:\/\/vu.ca\/en\/wp-json\/wp\/v2\/pages"}],"about":[{"href":"https:\/\/vu.ca\/en\/wp-json\/wp\/v2\/types\/page"}],"author":[{"embeddable":true,"href":"https:\/\/vu.ca\/en\/wp-json\/wp\/v2\/users\/1"}],"replies":[{"embeddable":true,"href":"https:\/\/vu.ca\/en\/wp-json\/wp\/v2\/comments?post=1269"}],"version-history":[{"count":5,"href":"https:\/\/vu.ca\/en\/wp-json\/wp\/v2\/pages\/1269\/revisions"}],"predecessor-version":[{"id":7858,"href":"https:\/\/vu.ca\/en\/wp-json\/wp\/v2\/pages\/1269\/revisions\/7858"}],"wp:featuredmedia":[{"embeddable":true,"href":"https:\/\/vu.ca\/en\/wp-json\/wp\/v2\/media\/5968"}],"wp:attachment":[{"href":"https:\/\/vu.ca\/en\/wp-json\/wp\/v2\/media?parent=1269"}],"curies":[{"name":"wp","href":"https:\/\/api.w.org\/{rel}","templated":true}]}}